{"id":3,"date":"2024-05-17T10:36:13","date_gmt":"2024-05-17T10:36:13","guid":{"rendered":"https:\/\/rometravelguide.it\/?page_id=3"},"modified":"2024-05-30T07:53:02","modified_gmt":"2024-05-30T07:53:02","slug":"privacy-policy","status":"publish","type":"page","link":"https:\/\/rometravelguide.it\/es\/privacy-policy\/","title":{"rendered":"Pol\u00edtica de privacidad y cookies"},"content":{"rendered":"<p>Esta Declaraci\u00f3n de Privacidad en L\u00ednea se aplica a este sitio web, al optar por seguir utilizando este sitio web, usted acepta rometravelguide.it recopilaci\u00f3n y uso de informaci\u00f3n personal y no personal como se describe en esta Declaraci\u00f3n de Privacidad en L\u00ednea. Esta Declaraci\u00f3n de Privacidad en L\u00ednea s\u00f3lo rige el uso y divulgaci\u00f3n de la informaci\u00f3n recogida a trav\u00e9s de este sitio web.<\/p>\n\n\n\n<p>&nbsp;Recogida de informaci\u00f3n<\/p>\n\n\n\n<p>rometravelguide.it recoge autom\u00e1ticamente la siguiente informaci\u00f3n:<\/p>\n\n\n\n<ul class=\"wp-block-list\">\n<li>La direcci\u00f3n del Protocolo de Internet (IP) y el nombre del dominio de Internet que utiliz\u00f3 para acceder a Internet;<\/li>\n\n\n\n<li>La URL del sitio web desde el que se enlaz\u00f3 directamente&nbsp;<\/li>\n\n\n\n<li>La fecha y hora de acceso al sitio romejewishtours.com;<\/li>\n\n\n\n<li>Las p\u00e1ginas que visit\u00f3, incluida la informaci\u00f3n solicitada a trav\u00e9s de su navegador, la respuesta de su navegador, el tama\u00f1o de la p\u00e1gina que recibi\u00f3 en respuesta a la solicitud y el correo electr\u00f3nico de marketing o la p\u00e1gina web que le remiti\u00f3 a la p\u00e1gina que visit\u00f3; y<\/li>\n\n\n\n<li>El navegador web y el sistema operativo que utiliz\u00f3 para acceder al sitio web romejewishtours.com.<\/li>\n<\/ul>\n\n\n\n<p>Adem\u00e1s, rometravelguide.it puede pedirle que proporcione cierta informaci\u00f3n personal, como nombre, nombre de usuario, direcci\u00f3n de correo electr\u00f3nico, direcci\u00f3n postal, n\u00fameros de tel\u00e9fono o informaci\u00f3n sobre cuentas de redes sociales.<\/p>\n\n\n\n<p><strong>Uso de la informaci\u00f3n<\/strong><\/p>\n\n\n\n<p>&nbsp;rometravelguide.it s\u00f3lo utilizar\u00e1 sus datos personales sobre una base legal para satisfacer un inter\u00e9s leg\u00edtimo del sitio. romejewishtours.com puede utilizar la informaci\u00f3n recogida de su visita a este sitio web para:<\/p>\n\n\n\n<ul class=\"wp-block-list\">\n<li>Gestionar y mejorar la experiencia del usuario y las preferencias asociadas a este sitio web y a las comunicaciones;<\/li>\n\n\n\n<li>Realice un seguimiento de la frecuencia con la que las personas acceden al contenido o lo leen;<\/li>\n\n\n\n<li>Fomentar nuevas comunicaciones y gestionar su(s) suscripci\u00f3n(es) a nuestras publicaciones;<\/li>\n\n\n\n<li>Invitarle y\/o inscribirle (previa solicitud) en eventos que puedan ser de su inter\u00e9s;<\/li>\n\n\n\n<li>Optimizar y personalizar sus interacciones en l\u00ednea con nuestro sitio.<\/li>\n\n\n\n<li>Atender sus solicitudes de bienes o servicios en l\u00ednea;<\/li>\n\n\n\n<li>Realizar investigaciones, educaci\u00f3n, formaci\u00f3n o encuestas en l\u00ednea;<\/li>\n\n\n\n<li>Identificar anomal\u00edas en el tr\u00e1fico web para ayudar a proteger la informaci\u00f3n personal e institucional;<\/li>\n<\/ul>\n\n\n\n<p>La recogida y uso de informaci\u00f3n personal para cualquier otro fin distinto de los aqu\u00ed descritos requiere una notificaci\u00f3n o consentimiento complementario y m\u00e1s espec\u00edfico.&nbsp;<\/p>\n\n\n\n<p><strong>Divulgaci\u00f3n o intercambio de informaci\u00f3n<\/strong><\/p>\n\n\n\n<p>rometravelguide.it puede utilizar terceros proveedores de servicios y proveedores para facilitar este sitio web o los servicios que el sitio ofrece. Dichos proveedores pueden tener acceso a la informaci\u00f3n que martinaferraguti.com recopila para cumplir con sus obligaciones. &nbsp;<\/p>\n\n\n\n<p><strong>M\u00e9todos de recogida<\/strong><\/p>\n\n\n\n<p>rometravelguide.it puede utilizar diversas tecnolog\u00edas como cookies, applets, scripts, registros del servidor, par\u00e1metros de URL personalizados, im\u00e1genes de seguimiento, informaci\u00f3n y correspondencia o an\u00e1lisis web para recopilar informaci\u00f3n. Dependiendo de su navegador, es posible que pueda desactivar determinados m\u00e9todos de recopilaci\u00f3n. Esto puede limitar su capacidad para utilizar algunas funciones de este sitio web.<\/p>\n\n\n\n<p><strong>&nbsp;Otros sitios web.<\/strong><\/p>\n\n\n\n<p>rometravelguide.it puede proporcionar enlaces en este sitio web a otros sitios web. rometravelguide.it tambi\u00e9n puede asociarse con terceros para publicar anuncios relacionados con rometravelguide.it . Su uso de otros sitios web est\u00e1 sujeto a los t\u00e9rminos y condiciones o declaraciones de privacidad de los proveedores de esos sitios web.<\/p>\n\n\n\n<p><strong>Ni\u00f1os o menores<\/strong><\/p>\n\n\n\n<p>rometravelguide.it no recopila conscientemente informaci\u00f3n personal de ni\u00f1os o menores. La recogida y uso de informaci\u00f3n personal de ni\u00f1os o menores para otros fines est\u00e1 sujeta a t\u00e9rminos de notificaci\u00f3n o consentimiento complementarios y m\u00e1s espec\u00edficos.&nbsp;<\/p>\n\n\n\n<p><strong>Retenci\u00f3n<\/strong><\/p>\n\n\n\n<p>rometravelguide.it conserva sus datos al menos durante el per\u00edodo m\u00ednimo de conservaci\u00f3n exigido.<\/p>\n\n\n\n<p><strong>Derechos adicionales que puede tener en relaci\u00f3n con sus datos<\/strong><\/p>\n\n\n\n<p>La legislaci\u00f3n aplicable puede otorgarle derechos adicionales para solicitar el acceso a sus datos, o para solicitar su supresi\u00f3n, correcci\u00f3n o transferencia.  Por ejemplo, el Reglamento General de Protecci\u00f3n de Datos de la Uni\u00f3n Europea (RGPD de la UE) otorga determinados derechos a las personas que resid\u00edan o residen en la Uni\u00f3n Europea cuando se recopilaron los datos. Si el GDPR de la UE se aplica a sus datos, puede pedir ver sus datos o solicitar, en la medida permitida por la ley, que sus datos sean corregidos o borrados. Tambi\u00e9n puede oponerse al tratamiento de sus datos o solicitar que se restrinja. Puede pedir que sus datos sean reenviados o transferidos a otra organizaci\u00f3n. Por \u00faltimo, en la medida en que lo permita la ley, puede retirar el consentimiento que haya dado para determinados tratamientos de datos, sin penalizaci\u00f3n alguna. Si decide retirar su consentimiento m\u00e1s adelante, su retirada no afectar\u00e1 a la legalidad del tratamiento de sus datos hasta ese momento.<\/p>\n\n\n\n<p><strong>Preguntas<\/strong><\/p>\n\n\n\n<p>Si tiene preguntas sobre la recopilaci\u00f3n o el uso de la informaci\u00f3n, debe ponerse en contacto con nosotros. La persona responsable de las decisiones sobre la recopilaci\u00f3n, el uso y la protecci\u00f3n en l\u00ednea de los datos personales que se describen en el presente documento y que est\u00e1n sujetos al GDPR de la UE se identifica como Responsable del GDPR de la UE en el sitio web de la organizaci\u00f3n.<\/p>\n\n\n\n<h3 class=\"wp-block-heading\">Contacte con nosotros<\/h3>\n\n\n\n<p>Si tiene alguna pregunta sobre esta Pol\u00edtica de Privacidad, p\u00f3ngase en contacto con nosotros a trav\u00e9s de\u00a0<a href=\"mailto:webmaster@ricksteves.com\">romejewishtours@gmail.com<\/a>o llamando al +39 3208774186<\/p>\n\n\n\n<h2 class=\"wp-block-heading\">Declaraci\u00f3n sobre cookies<\/h2>\n\n\n\n<p>Las cookies son peque\u00f1os archivos de texto que los sitios web pueden utilizar para que la experiencia del usuario sea m\u00e1s eficaz.<\/p>\n\n\n\n<p>La ley establece que podemos almacenar cookies en su dispositivo si son estrictamente necesarias para el funcionamiento de este sitio. Para todos los dem\u00e1s tipos de cookies necesitamos su permiso.<\/p>\n\n\n\n<p>Este sitio utiliza diferentes tipos de cookies. Algunas cookies son colocadas por servicios de terceros que aparecen en nuestras p\u00e1ginas.<\/p>\n\n\n\n<p>En cualquier momento puede modificar o retirar su consentimiento en la Declaraci\u00f3n de Cookies de nuestro sitio web.<\/p>\n\n\n\n<p>Obtenga m\u00e1s informaci\u00f3n sobre qui\u00e9nes somos, c\u00f3mo puede ponerse en contacto con nosotros y c\u00f3mo tratamos los datos personales en nuestra Pol\u00edtica de privacidad.<\/p>\n\n\n\n<p>Por favor, indique su ID de consentimiento y la fecha cuando se ponga en contacto con nosotros en relaci\u00f3n con su consentimiento.<\/p>","protected":false},"excerpt":{"rendered":"<p>This Online Privacy Statement applies to this website, by choosing to continue to use this &nbsp;website, you agree to rometravelguide.it collection and use of personal information and non-personal information as described in this Online Privacy Statement. This Online Privacy Statement only governs the use and disclosure of information collected through this website. &nbsp;Collection of Information [&hellip;]<\/p>","protected":false},"author":1,"featured_media":0,"parent":0,"menu_order":0,"comment_status":"closed","ping_status":"closed","template":"","meta":{"footnotes":""},"class_list":["post-3","page","type-page","status-publish","hentry"],"_links":{"self":[{"href":"https:\/\/rometravelguide.it\/es\/wp-json\/wp\/v2\/pages\/3","targetHints":{"allow":["GET"]}}],"collection":[{"href":"https:\/\/rometravelguide.it\/es\/wp-json\/wp\/v2\/pages"}],"about":[{"href":"https:\/\/rometravelguide.it\/es\/wp-json\/wp\/v2\/types\/page"}],"author":[{"embeddable":true,"href":"https:\/\/rometravelguide.it\/es\/wp-json\/wp\/v2\/users\/1"}],"replies":[{"embeddable":true,"href":"https:\/\/rometravelguide.it\/es\/wp-json\/wp\/v2\/comments?post=3"}],"version-history":[{"count":5,"href":"https:\/\/rometravelguide.it\/es\/wp-json\/wp\/v2\/pages\/3\/revisions"}],"predecessor-version":[{"id":404,"href":"https:\/\/rometravelguide.it\/es\/wp-json\/wp\/v2\/pages\/3\/revisions\/404"}],"wp:attachment":[{"href":"https:\/\/rometravelguide.it\/es\/wp-json\/wp\/v2\/media?parent=3"}],"curies":[{"name":"wp","href":"https:\/\/api.w.org\/{rel}","templated":true}]}}